{"id":5061,"date":"2025-10-14T12:45:51","date_gmt":"2025-10-14T10:45:51","guid":{"rendered":"https:\/\/vm-group.org\/?page_id=5061"},"modified":"2025-10-14T12:47:26","modified_gmt":"2025-10-14T10:47:26","slug":"impressum","status":"publish","type":"page","link":"https:\/\/vm-group.org\/de\/impressum\/","title":{"rendered":"Impressum"},"content":{"rendered":"<section class=\"l-section wpb_row broodtekst height_medium width_custom\" style=\"--site-content-width:800px;\"><div class=\"l-section-h i-cf\"><div class=\"g-cols vc_row via_grid cols_1 laptops-cols_inherit tablets-cols_inherit mobiles-cols_1 valign_top type_default stacking_default\"><div class=\"wpb_column vc_column_container\"><div class=\"vc_column-inner\"><div class=\"wpb_text_column custom-bullets\"><div class=\"wpb_wrapper\"><h2>Impressum<\/h2>\n<p>Angaben gem\u00e4\u00df \u00a7 5 TMG<\/p>\n<p>VMG GmbH (auch genannt als VM Group, VM rental bv, VM mats bv, Solid infraservice bv, Solid group bv)<br \/>\nBenzstra\u00dfe 11<br \/>\n48488 Emsb\u00fcren<br \/>\nDeutschland<\/p>\n<p><strong>Kontakt:<br \/>\n<\/strong>Telefon: +49 5903 6484 003<br \/>\nE-Mail: planung@vm-group.org<\/p>\n<p><strong>Vertreten durch:<\/strong><br \/>\nA.J. van der Goot<\/p>\n<p><strong>Registereintrag:<\/strong><br \/>\nHandelsregister-Nummer HRB 211544<br \/>\nUmsatzsteuer-ID: DE311470356<\/p>\n<div id=\"main_content\" class=\"main-wrapper page-wrapper\">\n<p><strong>Datenschutzbeauftragter<\/strong><\/p>\n<div class=\"container\">\n<div class=\"grid-row \">\n<div class=\"row wysiwyg top_geen bottom_geen \">\n<p>Frau A.C.M. Delgijer ist Datenschutzbeauftragte der VM Group und kann \u00fcber adelgijer@vm-group.org erreicht werden.<\/p>\n<p><strong>Online-Streitschlichtung<br \/>\n<\/strong>Die EU-Kommission hat eine\u00a0<a href=\"http:\/\/ec.europa.eu\/consumers\/odr\/\" target=\"_blank\" rel=\"noopener\"><u>Online-Plattform zur Online-Streitbeilegung<\/u><\/a> bereitgestellt. \u00dcber diese Internetplattform k\u00f6nnen Sie eine au\u00dfergerichtliche Streitbeilegung starten. Zur Teilnahme an einem Streitbeilegungsverfahren vor einer Verbraucherschlichtungsstelle sind wir nicht verpflichtet und grunds\u00e4tzlich nicht bereit.<\/p>\n<\/div>\n<\/div>\n<\/div>\n<\/div>\n<\/div><\/div><\/div><\/div><\/div><\/div><\/section>\n","protected":false},"excerpt":{"rendered":"Impressum Angaben gem\u00e4\u00df \u00a7 5 TMG VMG GmbH (auch genannt als VM Group, VM rental bv, VM mats bv, Solid infraservice bv, Solid group bv) Benzstra\u00dfe 11 48488 Emsb\u00fcren Deutschland Kontakt: Telefon: +49 5903 6484 003 E-Mail: planung@vm-group.org Vertreten durch: A.J. van der Goot Registereintrag: Handelsregister-Nummer HRB 211544 Umsatzsteuer-ID: DE311470356 Datenschutzbeauftragter Frau A.C.M. Delgijer ist...","protected":false},"author":1,"featured_media":0,"parent":0,"menu_order":0,"comment_status":"closed","ping_status":"closed","template":"","meta":{"_acf_changed":false,"footnotes":""},"class_list":["post-5061","page","type-page","status-publish","hentry"],"acf":[],"_links":{"self":[{"href":"https:\/\/vm-group.org\/de\/wp-json\/wp\/v2\/pages\/5061","targetHints":{"allow":["GET"]}}],"collection":[{"href":"https:\/\/vm-group.org\/de\/wp-json\/wp\/v2\/pages"}],"about":[{"href":"https:\/\/vm-group.org\/de\/wp-json\/wp\/v2\/types\/page"}],"author":[{"embeddable":true,"href":"https:\/\/vm-group.org\/de\/wp-json\/wp\/v2\/users\/1"}],"replies":[{"embeddable":true,"href":"https:\/\/vm-group.org\/de\/wp-json\/wp\/v2\/comments?post=5061"}],"version-history":[{"count":3,"href":"https:\/\/vm-group.org\/de\/wp-json\/wp\/v2\/pages\/5061\/revisions"}],"predecessor-version":[{"id":5064,"href":"https:\/\/vm-group.org\/de\/wp-json\/wp\/v2\/pages\/5061\/revisions\/5064"}],"wp:attachment":[{"href":"https:\/\/vm-group.org\/de\/wp-json\/wp\/v2\/media?parent=5061"}],"curies":[{"name":"wp","href":"https:\/\/api.w.org\/{rel}","templated":true}]}}