{"id":5010,"date":"2025-08-20T10:49:09","date_gmt":"2025-08-20T08:49:09","guid":{"rendered":"https:\/\/vm-group.org\/?page_id=5010"},"modified":"2025-10-14T11:10:04","modified_gmt":"2025-10-14T09:10:04","slug":"datenschutzerklarung","status":"publish","type":"page","link":"https:\/\/vm-group.org\/de\/datenschutzerklarung\/","title":{"rendered":"Datenschutzerkl\u00e4rung"},"content":{"rendered":"<section class=\"l-section wpb_row broodtekst height_medium width_custom\" style=\"--site-content-width:800px;\"><div class=\"l-section-h i-cf\"><div class=\"g-cols vc_row via_grid cols_1 laptops-cols_inherit tablets-cols_inherit mobiles-cols_1 valign_top type_default stacking_default\"><div class=\"wpb_column vc_column_container\"><div class=\"vc_column-inner\"><div class=\"wpb_text_column custom-bullets\"><div class=\"wpb_wrapper\"><h1>Datenschutzerkl\u00e4rung<\/h1>\n<p>VM-Group gelesen; VMG GmbH, VM Rental BV, VM Mats BV, Solid Infraservice BV, Solid Group BV,<\/p>\n<p>mit Sitz in Benzstra\u00dfe 11, 48488 Emsb\u00fcren, ist f\u00fcr die Verarbeitung personenbezogener Daten gem\u00e4\u00df dieser Datenschutzerkl\u00e4rung verantwortlich.<\/p>\n<h2>KONTAKTDETAILS:<\/h2>\n<p>VM-Group auch genannt als; VMG GmbH, VM Rental BV, VM Mats BV, Solid Infraservice BV, Solid Group BV<\/p>\n<p>Benzstra\u00dfe 11<\/p>\n<p>48488 Emsb\u00fcren<\/p>\n<p>+49 59 03 648 40 03<\/p>\n<p>Frau A.C.M. Delgijer ist die Datenschutzbeauftragte der VM-Group und kann \u00fcber adelgijer@vm-group.org erreicht werden. In der Deutschen, Englischen oder Niederl\u00e4ndischen Sprache.<\/p>\n<h2>PERSONENBEZOGENE DATEN, DIE WIR VERARBEITEN<\/h2>\n<p>Die VM-Group verarbeitet Ihre personenbezogenen Daten, weil Sie unsere Dienste nutzen und\/oder weil Sie uns diese selbst zur Verf\u00fcgung stellen.<\/p>\n<p>Nachfolgend finden Sie eine \u00dcbersicht \u00fcber die von uns verarbeiteten personenbezogenen Daten:<\/p>\n<p>&#8211; E-Mail-Adresse<\/p>\n<p>&#8211; IP Adresse<\/p>\n<p>&#8211; Standortdaten<\/p>\n<p>\u2013 Informationen \u00fcber Ihre Aktivit\u00e4ten auf unserer Website<\/p>\n<p>\u2013 Liste der Kundenkontaktdaten \u00fcber eine App<\/p>\n<h2>SPEZIELLE UND\/ODER SENSIBLE PERSONENBEZOGENE DATEN, DIE WIR VERARBEITEN<\/h2>\n<p>Unsere Website und\/oder unser Dienst beabsichtigen nicht, Daten \u00fcber Website-Besucher zu sammeln, die j\u00fcnger als 16 Jahre sind. Es sei denn, sie haben die Erlaubnis der Eltern oder Erziehungsberechtigten. Wir k\u00f6nnen jedoch nicht \u00fcberpr\u00fcfen, ob ein Besucher \u00e4lter als 16 Jahre ist. Wir empfehlen daher, dass Eltern in die Online-Aktivit\u00e4ten ihrer Kinder einbezogen werden, um zu verhindern, dass Daten \u00fcber Kinder ohne Zustimmung der Eltern erfasst werden. Wenn Sie davon \u00fcberzeugt sind, dass wir ohne diese Einwilligung personenbezogene Daten eines Minderj\u00e4hrigen gesammelt haben, kontaktieren Sie uns bitte unter info@vm-group.org und wir werden diese Daten l\u00f6schen.<\/p>\n<h2>Zu welchem \u200b\u200bZweck und auf welcher Grundlage verarbeiten wir personenbezogene Daten?<\/h2>\n<p>Die VM-Group verarbeitet Ihre personenbezogenen Daten zu folgenden Zwecken:<\/p>\n<p>\u2013 Um Sie anzurufen oder Ihnen eine E-Mail senden zu k\u00f6nnen, wenn dies f\u00fcr die Erbringung unserer Dienstleistungen erforderlich ist<\/p>\n<p>\u2013 Um Sie \u00fcber \u00c4nderungen unserer Dienstleistungen und Produkte zu informieren<\/p>\n<p>\u2013 Bieten wir Ihnen die M\u00f6glichkeit, ein Konto zu erstellen<\/p>\n<p>\u2013 Um Ihnen Waren und Dienstleistungen zu liefern<\/p>\n<h2>Automatisierte Entscheidungsfindung<\/h2>\n<p>Die VM-Group trifft keine Entscheidungen auf der Grundlage einer automatisierten Verarbeitung \u00fcber Angelegenheiten, die (erhebliche) Folgen f\u00fcr Menschen haben k\u00f6nnten. Hierbei handelt es sich um Entscheidungen, die von Computerprogrammen oder -systemen getroffen werden, ohne dass ein Mensch beteiligt ist (z. B. ein Mitarbeiter der VM-Group).<\/p>\n<h2>VM GROUP VERWENDET DIE FOLGENDEN COMPUTERPROGRAMME ODER SYSTEME<\/h2>\n<p>Zoho CRM (Kunden-\/Interessentendatenverwaltung, Gesch\u00e4ftsprozessmanagement)<br \/>\nGoogle Analytics (Besucher der VM-Group-Website)<br \/>\nFilemaker (Bestellungen und Angebote verwalten)<br \/>\nVan Meijel (Verwaltungssystem)<br \/>\nMicrosoft-B\u00fcro (Korrespondenz)<br \/>\nWIE LANGE WIR PERSONENBEZOGENE DATEN AUFBEWAHREN?<br \/>\nDie VM-Group speichert Ihre personenbezogenen Daten nicht l\u00e4nger als unbedingt erforderlich, um die Zwecke zu erreichen, f\u00fcr die Ihre Daten erhoben werden. Wir verwenden die folgenden Aufbewahrungsfristen f\u00fcr die folgenden (Kategorien) personenbezogenen Daten:<\/p>\n<p>Wir behalten die Aufbewahrungsfrist f\u00fcr personenbezogene Daten wie pers\u00f6nliche Daten und Adresse so lange wie die Beziehung\/beabsichtigte Beziehung andauert, um Ihnen den bestm\u00f6glichen Service zu bieten.<\/p>\n<h2>TEILUNG PERSONENBEZOGENEN DATEN MIT DRITTEN<\/h2>\n<p>Die VM-Group gibt Daten nur dann an Dritte weiter, wenn dies f\u00fcr die Ausf\u00fchrung unseres Vertrags mit Ihnen oder zur Einhaltung einer gesetzlichen Verpflichtung erforderlich ist.<\/p>\n<h2>COOKIES ODER \u00c4HNLICHE TECHNIKEN, DIE WIR VERWENDEN<\/h2>\n<p>Die VM-Group verwendet funktionale, analytische und Tracking-Cookies. Ein Cookie ist eine kleine Textdatei, die beim ersten Besuch dieser Website im Browser Ihres Computers, Tablets oder Smartphones gespeichert wird. Die VM-Group verwendet Cookies mit rein technischer Funktionalit\u00e4t. Diese stellen sicher, dass die Website ordnungsgem\u00e4\u00df funktioniert und dass beispielsweise Ihre Pr\u00e4ferenzeinstellungen gespeichert werden. Diese Cookies dienen auch dazu, die ordnungsgem\u00e4\u00dfe Funktion der Website sicherzustellen und zu optimieren. Wir platzieren auch Cookies, die Ihr Surfverhalten verfolgen, damit wir ma\u00dfgeschneiderte Inhalte und Werbung anbieten k\u00f6nnen.<\/p>\n<p>Bei Ihrem ersten Besuch auf unserer Website haben wir Sie bereits \u00fcber diese Cookies informiert und um Erlaubnis f\u00fcr deren Platzierung gebeten.<\/p>\n<p>Sie k\u00f6nnen sich von Cookies abmelden, indem Sie Ihren Internetbrowser so einstellen, dass er keine Cookies mehr speichert. Dar\u00fcber hinaus k\u00f6nnen Sie \u00fcber die Einstellungen Ihres Browsers auch alle zuvor gespeicherten Informationen l\u00f6schen.<\/p>\n<h2>DATEN ANZEIGEN, \u00c4NDERN ODER L\u00d6SCHEN<\/h2>\n<p>Sie haben das Recht, Ihre personenbezogenen Daten einzusehen, zu korrigieren oder zu l\u00f6schen. Dar\u00fcber hinaus haben Sie das Recht, Ihre Einwilligung zur Datenverarbeitung zu widerrufen oder der Verarbeitung Ihrer personenbezogenen Daten durch die VM-Group zu widersprechen, und Sie haben das Recht auf Daten\u00fcbertragbarkeit. Das bedeutet, dass Sie bei uns einen Antrag stellen k\u00f6nnen, die personenbezogenen Daten, die wir \u00fcber Sie haben, in einer Computerdatei an Sie oder eine andere von Ihnen genannte Organisation zu senden.<\/p>\n<p>Sie k\u00f6nnen einen Antrag auf Zugriff, Berichtigung, L\u00f6schung, Daten\u00fcbertragung Ihrer personenbezogenen Daten oder einen Antrag auf Widerruf Ihrer Einwilligung oder Widerspruch gegen die Verarbeitung Ihrer personenbezogenen Daten an info@vm-group.org senden.<\/p>\n<p>Um sicherzustellen, dass die Zugangsanfrage von Ihnen stammt, bitten wir Sie, der Anfrage eine Kopie Ihres Identit\u00e4tsnachweises beizuf\u00fcgen. Machen Sie in dieser Kopie Ihr Passfoto, die MRZ (maschinenlesbare Zone, der Streifen mit den Zahlen am unteren Rand des Passes), die Passnummer und die B\u00fcrgerservicenummer (BSN) schwarz. Dies dient dem Schutz Ihrer Privatsph\u00e4re. Wir werden Ihre Anfrage schnellstm\u00f6glich, jedoch innerhalb von vier Wochen, beantworten.<\/p>\n<p>Die VM-Group weist au\u00dferdem darauf hin, dass Sie die M\u00f6glichkeit haben, eine Beschwerde bei der nationalen Aufsichtsbeh\u00f6rde, der niederl\u00e4ndischen Datenschutzbeh\u00f6rde, einzureichen.<\/p>\n<h2>WIE WIR PERS\u00d6NLICHE DATEN SICHERN<\/h2>\n<p>Die VM-Group nimmt den Schutz Ihrer Daten sehr ernst und ergreift geeignete Ma\u00dfnahmen, um Missbrauch, Verlust, unbefugten Zugriff, unerw\u00fcnschte Offenlegung und unbefugte \u00c4nderung zu verhindern. Sollten Sie den Eindruck haben, dass Ihre Daten nicht ordnungsgem\u00e4\u00df gesichert sind oder Anhaltspunkte f\u00fcr einen Missbrauch vorliegen, kontaktieren Sie uns bitte unter info@vm-group.org<\/p>\n<\/div><\/div><\/div><\/div><\/div><\/div><\/section>\n","protected":false},"excerpt":{"rendered":"Datenschutzerkl\u00e4rung VM-Group gelesen; VMG GmbH, VM Rental BV, VM Mats BV, Solid Infraservice BV, Solid Group BV, mit Sitz in Benzstra\u00dfe 11, 48488 Emsb\u00fcren, ist f\u00fcr die Verarbeitung personenbezogener Daten gem\u00e4\u00df dieser Datenschutzerkl\u00e4rung verantwortlich. KONTAKTDETAILS: VM-Group auch genannt als; VMG GmbH, VM Rental BV, VM Mats BV, Solid Infraservice BV, Solid Group BV Benzstra\u00dfe 11...","protected":false},"author":1,"featured_media":0,"parent":0,"menu_order":0,"comment_status":"closed","ping_status":"closed","template":"","meta":{"_acf_changed":false,"footnotes":""},"class_list":["post-5010","page","type-page","status-publish","hentry"],"acf":[],"_links":{"self":[{"href":"https:\/\/vm-group.org\/de\/wp-json\/wp\/v2\/pages\/5010","targetHints":{"allow":["GET"]}}],"collection":[{"href":"https:\/\/vm-group.org\/de\/wp-json\/wp\/v2\/pages"}],"about":[{"href":"https:\/\/vm-group.org\/de\/wp-json\/wp\/v2\/types\/page"}],"author":[{"embeddable":true,"href":"https:\/\/vm-group.org\/de\/wp-json\/wp\/v2\/users\/1"}],"replies":[{"embeddable":true,"href":"https:\/\/vm-group.org\/de\/wp-json\/wp\/v2\/comments?post=5010"}],"version-history":[{"count":3,"href":"https:\/\/vm-group.org\/de\/wp-json\/wp\/v2\/pages\/5010\/revisions"}],"predecessor-version":[{"id":5013,"href":"https:\/\/vm-group.org\/de\/wp-json\/wp\/v2\/pages\/5010\/revisions\/5013"}],"wp:attachment":[{"href":"https:\/\/vm-group.org\/de\/wp-json\/wp\/v2\/media?parent=5010"}],"curies":[{"name":"wp","href":"https:\/\/api.w.org\/{rel}","templated":true}]}}